{"id":225113,"date":"2020-02-19T15:29:58","date_gmt":"2020-02-19T14:29:58","guid":{"rendered":"https:\/\/www.kkhotels.com\/?page_id=225113"},"modified":"2025-01-20T14:57:28","modified_gmt":"2025-01-20T13:57:28","slug":"contacto","status":"publish","type":"page","link":"https:\/\/www.kkhotels.com\/es\/contacto\/","title":{"rendered":"Contacta con K+K Hotels"},"content":{"rendered":"<p>[et_pb_section fb_built=\u00bb1&#8243; fullwidth=\u00bbon\u00bb _builder_version=\u00bb4.16&#8243; locked=\u00bboff\u00bb global_colors_info=\u00bb{}\u00bb][et_pb_fullwidth_header title=\u00bbContacto K+K Hotels\u00bb subhead=\u00bb\u00a1Cont\u00e1ctanos!\u00bb text_orientation=\u00bbcenter\u00bb header_scroll_down=\u00bbon\u00bb scroll_down_icon=\u00bb%%6%%\u00bb scroll_down_icon_size=\u00bb30px\u00bb background_overlay_color=\u00bbrgba(0,0,0,0.3)\u00bb module_class=\u00bbheader_element_pages\u00bb _builder_version=\u00bb4.17.4&#8243; title_font=\u00bb|300|||||||\u00bb title_text_align=\u00bbcenter\u00bb title_font_size=\u00bb80px\u00bb content_text_align=\u00bbcenter\u00bb subhead_font=\u00bb|300|||||||\u00bb subhead_text_align=\u00bbcenter\u00bb subhead_font_size=\u00bb40px\u00bb subhead_line_height=\u00bb1.2em\u00bb background_image=\u00bbhttps:\/\/www.kkhotels.com\/wp-content\/uploads\/2019\/01\/KK-Hotel-Cayre-Paris-View-to-Eiffel-Tower-and-Les-Invalides.jpeg\u00bb background_position=\u00bbbottom_center\u00bb custom_button_one=\u00bbon\u00bb button_one_text_size=\u00bb16px\u00bb button_one_bg_color=\u00bb#D9812F\u00bb button_one_border_width=\u00bb1px\u00bb button_one_border_color=\u00bb#D9812F\u00bb button_one_border_radius=\u00bb1px\u00bb button_one_font=\u00bb|||on|||||\u00bb button_one_use_icon=\u00bboff\u00bb button_one_custom_padding=\u00bb10px|20px|10px|20px|false|false\u00bb custom_button_two=\u00bbon\u00bb button_two_text_size=\u00bb16px\u00bb button_two_bg_color=\u00bb#D9812F\u00bb button_two_border_width=\u00bb1px\u00bb button_two_border_color=\u00bb#D9812F\u00bb button_two_border_radius=\u00bb1px\u00bb button_two_font=\u00bb|||on|||||\u00bb button_two_use_icon=\u00bboff\u00bb button_two_custom_padding=\u00bb10px|20px|10px|20px|false|false\u00bb title_font_size_tablet=\u00bb\u00bb title_font_size_phone=\u00bb40px\u00bb title_font_size_last_edited=\u00bbon|phone\u00bb subhead_font_size_tablet=\u00bb\u00bb subhead_font_size_phone=\u00bb30px\u00bb subhead_font_size_last_edited=\u00bbon|phone\u00bb saved_tabs=\u00bball\u00bb global_colors_info=\u00bb{}\u00bb button_one_bg_color__hover_enabled=\u00bbon|hover\u00bb button_one_bg_color__hover=\u00bbrgba(112,111,111,0)\u00bb button_one_border_color__hover_enabled=\u00bbon|desktop\u00bb button_one_border_color__hover=\u00bb#ffffff\u00bb button_one_bg_enable_color__hover=\u00bbon\u00bb button_two_bg_color__hover=\u00bbrgba(112,111,111,0)\u00bb button_two_bg_color__hover_enabled=\u00bbon|hover\u00bb button_two_border_color__hover=\u00bb#ffffff\u00bb button_two_border_color__hover_enabled=\u00bbon|desktop\u00bb button_two_bg_enable_color__hover=\u00bbon\u00bb][\/et_pb_fullwidth_header][\/et_pb_section][et_pb_section fb_built=\u00bb1&#8243; _builder_version=\u00bb4.16&#8243; global_colors_info=\u00bb{}\u00bb][et_pb_row column_structure=\u00bb1_2,1_2&#8243; _builder_version=\u00bb4.16&#8243; background_size=\u00bbinitial\u00bb background_position=\u00bbtop_left\u00bb background_repeat=\u00bbrepeat\u00bb locked=\u00bboff\u00bb global_colors_info=\u00bb{}\u00bb][et_pb_column type=\u00bb1_2&#8243; _builder_version=\u00bb4.16&#8243; custom_padding=\u00bb|||\u00bb global_colors_info=\u00bb{}\u00bb custom_padding__hover=\u00bb|||\u00bb][et_pb_toggle title=\u00bbK+K Hotel Opera Budapest\u00bb open_toggle_background_color=\u00bb#ffffff\u00bb closed_toggle_background_color=\u00bb#ffffff\u00bb icon_color=\u00bb#D08138&#8243; use_icon_font_size=\u00bbon\u00bb icon_font_size=\u00bb20px\u00bb open_icon_color=\u00bb#D08138&#8243; open_use_icon_font_size=\u00bbon\u00bb open_icon_font_size=\u00bb20px\u00bb _builder_version=\u00bb4.16&#8243; title_text_color=\u00bb#32373F\u00bb title_font=\u00bb||||||||\u00bb global_colors_info=\u00bb{}\u00bb]<\/p>\n<p>K+K Hotel Opera Budapest | R\u00e9vay utca 24 | 1065 Budapest | Hungr\u00eda<\/p>\n<p><a title=\"Escriba un correo electr\u00f3nico a K+K Hotel Opera Budapest\" href=\"mailto:opera@kkhotels.com\">opera@kkhotels.com<\/a><\/p>\n<p>+36 1 269 02 22<\/p>\n<p><a title=\"Sigue a K+K Hotel Opera en Instagram\" href=\"https:\/\/www.instagram.com\/kkhotelopera\/\" target=\"_blank\" rel=\"noopener noreferrer\">Instagram @kkhotelopera<\/a><\/p>\n<p><a title=\"Sigue a K+K Hotel Picasso en Facebook\" href=\"https:\/\/www.facebook.com\/hotelbudapest\/\" target=\"_blank\" rel=\"noopener noreferrer\">Facebook @hotelbudapest<\/a><\/p>\n<p>[\/et_pb_toggle][et_pb_toggle title=\u00bbK+K Hotel Fenix Praga\u00bb open_toggle_background_color=\u00bb#ffffff\u00bb closed_toggle_background_color=\u00bb#ffffff\u00bb icon_color=\u00bb#D08138&#8243; use_icon_font_size=\u00bbon\u00bb icon_font_size=\u00bb20px\u00bb open_icon_color=\u00bb#D08138&#8243; open_use_icon_font_size=\u00bbon\u00bb open_icon_font_size=\u00bb20px\u00bb _builder_version=\u00bb4.16&#8243; title_text_color=\u00bb#32373F\u00bb title_font=\u00bb||||||||\u00bb global_colors_info=\u00bb{}\u00bb]<\/p>\n<p>K+K Hotel Fenix Praga | Ve Sme\u010dk\u00e1ch 596\/30 | 110 00 Nov\u00e9 M\u011bsto | Rep\u00fablica Checa<\/p>\n<p><a title=\"Escriba un correo electr\u00f3nico a K+K Hotel Fenix Praga\" href=\"mailto:fenix@kkhotels.com\">fenix@kkhotels.com <\/a><\/p>\n<p>+420 225 012 000<\/p>\n<p><a title=\"Sigue a K+K Hotel Fenix en Instagram\" href=\"https:\/\/www.instagram.com\/kkhotelfenix\/\" target=\"_blank\" rel=\"noopener noreferrer\">Instagram @kkhotelfenix<\/a><\/p>\n<p><a title=\"Sigue a K+K Hotel Fenix en Facebook\" href=\"https:\/\/www.facebook.com\/hotelfenix\/\" target=\"_blank\" rel=\"noopener noreferrer\">Facebook @hotelfenix<\/a><\/p>\n<p>[\/et_pb_toggle][\/et_pb_column][et_pb_column type=\u00bb1_2&#8243; _builder_version=\u00bb4.16&#8243; custom_padding=\u00bb|||\u00bb global_colors_info=\u00bb{}\u00bb custom_padding__hover=\u00bb|||\u00bb][et_pb_toggle title=\u00bbK+K Hotel am Harras M\u00fanich\u00bb open_toggle_background_color=\u00bb#ffffff\u00bb closed_toggle_background_color=\u00bb#ffffff\u00bb icon_color=\u00bb#D08138&#8243; use_icon_font_size=\u00bbon\u00bb icon_font_size=\u00bb20px\u00bb open_icon_color=\u00bb#D08138&#8243; open_use_icon_font_size=\u00bbon\u00bb open_icon_font_size=\u00bb20px\u00bb _builder_version=\u00bb4.16&#8243; title_text_color=\u00bb#32373F\u00bb title_font=\u00bb||||||||\u00bb global_colors_info=\u00bb{}\u00bb]<\/p>\n<p>K+K Hotel am Harras M\u00fanich | Albert-Rosshaupter-Strasse 4 | 81369 M\u00fanich<\/p>\n<p><a title=\"Escriba un correo electr\u00f3nico a K+K Hotel am Harras Munich\" href=\"mailto:harras@kkhotels.com\">harras@kkhotels.com<\/a><\/p>\n<p>+49 89 74 64 00<\/p>\n<p><a title=\"Sigue a K+K Hotel am Harras en Instagram\" href=\"https:\/\/www.instagram.com\/kkhotelamharras\/\" target=\"_blank\" rel=\"noopener noreferrer\">Instagram @kkhotelamharras<\/a><\/p>\n<p><a title=\"Sigue a K+K Hotel am Harras en Facebook\" href=\"https:\/\/www.facebook.com\/hotelmunich\/\" target=\"_blank\" rel=\"noopener noreferrer\">Facebook @hotelmunich<\/a><\/p>\n<p>[\/et_pb_toggle][et_pb_toggle title=\u00bbK+K Hotel Central Praga\u00bb open_toggle_background_color=\u00bb#ffffff\u00bb closed_toggle_background_color=\u00bb#ffffff\u00bb icon_color=\u00bb#D08138&#8243; use_icon_font_size=\u00bbon\u00bb icon_font_size=\u00bb20px\u00bb open_icon_color=\u00bb#D08138&#8243; open_use_icon_font_size=\u00bbon\u00bb open_icon_font_size=\u00bb20px\u00bb _builder_version=\u00bb4.22.2&#8243; title_text_color=\u00bb#32373F\u00bb title_font=\u00bb||||||||\u00bb custom_margin=\u00bb||||false|false\u00bb hover_enabled=\u00bb0&#8243; global_colors_info=\u00bb{}\u00bb sticky_enabled=\u00bb0&#8243;]<\/p>\n<p>K+K Hotel Central Praga | Hybernsk\u00e1 10 | 110 00 Praga 1 | Rep\u00fablica Checa<\/p>\n<p><a title=\"Escriba un correo electr\u00f3nico al K+K Hotel Central de Praga\" href=\"mailto:central@kkhotels.com\">central@kkhotels.com <\/a><\/p>\n<p>+420 225 022 000<\/p>\n<p><a title=\"Siga a K+K Hotel Central en Instagram\" href=\"https:\/\/www.instagram.com\/kkhotelcentral\/\" target=\"_blank\" rel=\"noopener noreferrer\">Instagram @kkhotelcentral<\/a><\/p>\n<p><a title=\"Sigue a K+K Hotel Central en Facebook\" href=\"https:\/\/www.facebook.com\/hotelcentral\/\" target=\"_blank\" rel=\"noopener noreferrer\">Facebook @hotelcentral<\/a><\/p>\n<p>[\/et_pb_toggle][\/et_pb_column][\/et_pb_row][\/et_pb_section]<\/p>\n","protected":false},"excerpt":{"rendered":"<p>K+K Hotel Opera Budapest | R\u00e9vay utca 24 | 1065 Budapest | Hungr\u00eda opera@kkhotels.com +36 1 269 02 22 Instagram @kkhotelopera Facebook @hotelbudapestK+K Hotel Fenix Praga | Ve Sme\u010dk\u00e1ch 596\/30 | 110 00 Nov\u00e9 M\u011bsto | Rep\u00fablica Checa fenix@kkhotels.com +420 225 012 000 Instagram @kkhotelfenix Facebook @hotelfenixK+K Hotel am Harras M\u00fanich | Albert-Rosshaupter-Strasse 4 | [&hellip;]<\/p>\n","protected":false},"author":37,"featured_media":0,"parent":0,"menu_order":0,"comment_status":"closed","ping_status":"closed","template":"","meta":{"_et_pb_use_builder":"on","_et_pb_old_content":"","_et_gb_content_width":"","footnotes":""},"yoast_head":"<!-- This site is optimized with the Yoast SEO plugin v21.4 - https:\/\/yoast.com\/wordpress\/plugins\/seo\/ -->\n<title>Por favor, cont\u00e1ctenos@K+K Hotels - Erstklassige Hotels in ganz Europa<\/title>\n<meta name=\"description\" content=\"Contacto K+K-Hotels ? Mapa y ubicaci\u00f3n de los hoteles \u260e N\u00fameros de tel\u00e9fono \u2612 Direcciones de correo electr\u00f3nico ? Cuentas corporativas \u27a4 Contacto K+K-Hotels en cualquier momento y lugar!\" \/>\n<meta name=\"robots\" content=\"index, follow, max-snippet:-1, max-image-preview:large, max-video-preview:-1\" \/>\n<link rel=\"canonical\" href=\"https:\/\/www.kkhotels.com\/es\/contacto\/\" \/>\n<meta property=\"og:locale\" content=\"es_ES\" \/>\n<meta property=\"og:type\" content=\"article\" \/>\n<meta property=\"og:title\" content=\"Por favor, cont\u00e1ctenos@K+K Hotels - Erstklassige Hotels in ganz Europa\" \/>\n<meta property=\"og:description\" content=\"Contacto K+K-Hotels ? Mapa y ubicaci\u00f3n de los hoteles \u260e N\u00fameros de tel\u00e9fono \u2612 Direcciones de correo electr\u00f3nico ? Cuentas corporativas \u27a4 Contacto K+K-Hotels en cualquier momento y lugar!\" \/>\n<meta property=\"og:url\" content=\"https:\/\/www.kkhotels.com\/es\/contacto\/\" \/>\n<meta property=\"og:site_name\" content=\"K+K Hotels - Erstklassige Hotels in ganz Europa\" \/>\n<meta property=\"article:modified_time\" content=\"2025-01-20T13:57:28+00:00\" \/>\n<meta name=\"twitter:card\" content=\"summary_large_image\" \/>\n<meta name=\"twitter:label1\" content=\"Tiempo de lectura\" \/>\n\t<meta name=\"twitter:data1\" content=\"2 minutos\" \/>\n<script type=\"application\/ld+json\" class=\"yoast-schema-graph\">{\"@context\":\"https:\/\/schema.org\",\"@graph\":[{\"@type\":\"WebPage\",\"@id\":\"https:\/\/www.kkhotels.com\/es\/contacto\/\",\"url\":\"https:\/\/www.kkhotels.com\/es\/contacto\/\",\"name\":\"Por favor, cont\u00e1ctenos@K+K Hotels - Erstklassige Hotels in ganz Europa\",\"isPartOf\":{\"@id\":\"https:\/\/www.kkhotels.com\/es\/#website\"},\"datePublished\":\"2020-02-19T14:29:58+00:00\",\"dateModified\":\"2025-01-20T13:57:28+00:00\",\"description\":\"Contacto K+K-Hotels ? Mapa y ubicaci\u00f3n de los hoteles \u260e N\u00fameros de tel\u00e9fono \u2612 Direcciones de correo electr\u00f3nico ? Cuentas corporativas \u27a4 Contacto K+K-Hotels en cualquier momento y lugar!\",\"breadcrumb\":{\"@id\":\"https:\/\/www.kkhotels.com\/es\/contacto\/#breadcrumb\"},\"inLanguage\":\"es\",\"potentialAction\":[{\"@type\":\"ReadAction\",\"target\":[\"https:\/\/www.kkhotels.com\/es\/contacto\/\"]}]},{\"@type\":\"BreadcrumbList\",\"@id\":\"https:\/\/www.kkhotels.com\/es\/contacto\/#breadcrumb\",\"itemListElement\":[{\"@type\":\"ListItem\",\"position\":1,\"name\":\"Home\",\"item\":\"https:\/\/www.kkhotels.com\/es\/\"},{\"@type\":\"ListItem\",\"position\":2,\"name\":\"Contacta con K+K Hotels\"}]},{\"@type\":\"WebSite\",\"@id\":\"https:\/\/www.kkhotels.com\/es\/#website\",\"url\":\"https:\/\/www.kkhotels.com\/es\/\",\"name\":\"K+K Hotels - Erstklassige Hotels in ganz Europa\",\"description\":\"Genie\u00dfen Sie exklusiven Komfort mit den K+K Hotels in den TOP Destinationen Europas!\",\"publisher\":{\"@id\":\"https:\/\/www.kkhotels.com\/es\/#organization\"},\"potentialAction\":[{\"@type\":\"SearchAction\",\"target\":{\"@type\":\"EntryPoint\",\"urlTemplate\":\"https:\/\/www.kkhotels.com\/es\/?s={search_term_string}\"},\"query-input\":\"required name=search_term_string\"}],\"inLanguage\":\"es\"},{\"@type\":\"Organization\",\"@id\":\"https:\/\/www.kkhotels.com\/es\/#organization\",\"name\":\"K+K Hotels - Erstklassige Hotels in ganz Europa\",\"url\":\"https:\/\/www.kkhotels.com\/es\/\",\"logo\":{\"@type\":\"ImageObject\",\"inLanguage\":\"es\",\"@id\":\"https:\/\/www.kkhotels.com\/es\/#\/schema\/logo\/image\/\",\"url\":\"https:\/\/www.kkhotels.com\/wp-content\/uploads\/2022\/02\/KK_512.png\",\"contentUrl\":\"https:\/\/www.kkhotels.com\/wp-content\/uploads\/2022\/02\/KK_512.png\",\"width\":512,\"height\":512,\"caption\":\"K+K Hotels - Erstklassige Hotels in ganz Europa\"},\"image\":{\"@id\":\"https:\/\/www.kkhotels.com\/es\/#\/schema\/logo\/image\/\"}}]}<\/script>\n<!-- \/ Yoast SEO plugin. -->","yoast_head_json":{"title":"Por favor, cont\u00e1ctenos@K+K Hotels - Erstklassige Hotels in ganz Europa","description":"Contacto K+K-Hotels ? Mapa y ubicaci\u00f3n de los hoteles \u260e N\u00fameros de tel\u00e9fono \u2612 Direcciones de correo electr\u00f3nico ? Cuentas corporativas \u27a4 Contacto K+K-Hotels en cualquier momento y lugar!","robots":{"index":"index","follow":"follow","max-snippet":"max-snippet:-1","max-image-preview":"max-image-preview:large","max-video-preview":"max-video-preview:-1"},"canonical":"https:\/\/www.kkhotels.com\/es\/contacto\/","og_locale":"es_ES","og_type":"article","og_title":"Por favor, cont\u00e1ctenos@K+K Hotels - Erstklassige Hotels in ganz Europa","og_description":"Contacto K+K-Hotels ? Mapa y ubicaci\u00f3n de los hoteles \u260e N\u00fameros de tel\u00e9fono \u2612 Direcciones de correo electr\u00f3nico ? Cuentas corporativas \u27a4 Contacto K+K-Hotels en cualquier momento y lugar!","og_url":"https:\/\/www.kkhotels.com\/es\/contacto\/","og_site_name":"K+K Hotels - Erstklassige Hotels in ganz Europa","article_modified_time":"2025-01-20T13:57:28+00:00","twitter_card":"summary_large_image","twitter_misc":{"Tiempo de lectura":"2 minutos"},"schema":{"@context":"https:\/\/schema.org","@graph":[{"@type":"WebPage","@id":"https:\/\/www.kkhotels.com\/es\/contacto\/","url":"https:\/\/www.kkhotels.com\/es\/contacto\/","name":"Por favor, cont\u00e1ctenos@K+K Hotels - Erstklassige Hotels in ganz Europa","isPartOf":{"@id":"https:\/\/www.kkhotels.com\/es\/#website"},"datePublished":"2020-02-19T14:29:58+00:00","dateModified":"2025-01-20T13:57:28+00:00","description":"Contacto K+K-Hotels ? Mapa y ubicaci\u00f3n de los hoteles \u260e N\u00fameros de tel\u00e9fono \u2612 Direcciones de correo electr\u00f3nico ? Cuentas corporativas \u27a4 Contacto K+K-Hotels en cualquier momento y lugar!","breadcrumb":{"@id":"https:\/\/www.kkhotels.com\/es\/contacto\/#breadcrumb"},"inLanguage":"es","potentialAction":[{"@type":"ReadAction","target":["https:\/\/www.kkhotels.com\/es\/contacto\/"]}]},{"@type":"BreadcrumbList","@id":"https:\/\/www.kkhotels.com\/es\/contacto\/#breadcrumb","itemListElement":[{"@type":"ListItem","position":1,"name":"Home","item":"https:\/\/www.kkhotels.com\/es\/"},{"@type":"ListItem","position":2,"name":"Contacta con K+K Hotels"}]},{"@type":"WebSite","@id":"https:\/\/www.kkhotels.com\/es\/#website","url":"https:\/\/www.kkhotels.com\/es\/","name":"K+K Hotels - Erstklassige Hotels in ganz Europa","description":"Genie\u00dfen Sie exklusiven Komfort mit den K+K Hotels in den TOP Destinationen Europas!","publisher":{"@id":"https:\/\/www.kkhotels.com\/es\/#organization"},"potentialAction":[{"@type":"SearchAction","target":{"@type":"EntryPoint","urlTemplate":"https:\/\/www.kkhotels.com\/es\/?s={search_term_string}"},"query-input":"required name=search_term_string"}],"inLanguage":"es"},{"@type":"Organization","@id":"https:\/\/www.kkhotels.com\/es\/#organization","name":"K+K Hotels - Erstklassige Hotels in ganz Europa","url":"https:\/\/www.kkhotels.com\/es\/","logo":{"@type":"ImageObject","inLanguage":"es","@id":"https:\/\/www.kkhotels.com\/es\/#\/schema\/logo\/image\/","url":"https:\/\/www.kkhotels.com\/wp-content\/uploads\/2022\/02\/KK_512.png","contentUrl":"https:\/\/www.kkhotels.com\/wp-content\/uploads\/2022\/02\/KK_512.png","width":512,"height":512,"caption":"K+K Hotels - Erstklassige Hotels in ganz Europa"},"image":{"@id":"https:\/\/www.kkhotels.com\/es\/#\/schema\/logo\/image\/"}}]}},"_links":{"self":[{"href":"https:\/\/www.kkhotels.com\/es\/wp-json\/wp\/v2\/pages\/225113"}],"collection":[{"href":"https:\/\/www.kkhotels.com\/es\/wp-json\/wp\/v2\/pages"}],"about":[{"href":"https:\/\/www.kkhotels.com\/es\/wp-json\/wp\/v2\/types\/page"}],"author":[{"embeddable":true,"href":"https:\/\/www.kkhotels.com\/es\/wp-json\/wp\/v2\/users\/37"}],"replies":[{"embeddable":true,"href":"https:\/\/www.kkhotels.com\/es\/wp-json\/wp\/v2\/comments?post=225113"}],"version-history":[{"count":7,"href":"https:\/\/www.kkhotels.com\/es\/wp-json\/wp\/v2\/pages\/225113\/revisions"}],"predecessor-version":[{"id":245689,"href":"https:\/\/www.kkhotels.com\/es\/wp-json\/wp\/v2\/pages\/225113\/revisions\/245689"}],"wp:attachment":[{"href":"https:\/\/www.kkhotels.com\/es\/wp-json\/wp\/v2\/media?parent=225113"}],"curies":[{"name":"wp","href":"https:\/\/api.w.org\/{rel}","templated":true}]}}