{"id":228002,"date":"2021-01-24T14:58:00","date_gmt":"2021-01-24T13:58:00","guid":{"rendered":"https:\/\/www.kkhotels.com\/?page_id=228002"},"modified":"2021-03-19T12:13:41","modified_gmt":"2021-03-19T11:13:41","slug":"politicas-de-cancelacion","status":"publish","type":"page","link":"https:\/\/www.kkhotels.com\/es\/politicas-de-cancelacion\/","title":{"rendered":"Pol\u00edticas de cancelaci\u00f3n"},"content":{"rendered":"<p>[et_pb_section fb_built=\u00bb1&#8243; fullwidth=\u00bbon\u00bb _builder_version=\u00bb3.22.3&#8243;][et_pb_fullwidth_header title=\u00bbPol\u00edticas de cancelaci\u00f3n\u00bb subhead=\u00bbK+K Hotels\u00bb text_orientation=\u00bbcenter\u00bb header_fullscreen=\u00bbon\u00bb header_scroll_down=\u00bbon\u00bb scroll_down_icon=\u00bb%%6%%\u00bb scroll_down_icon_size=\u00bb30px\u00bb button_one_url=\u00bb#\u00bb background_overlay_color=\u00bbrgba(0,0,0,0.3)\u00bb _builder_version=\u00bb4.3.2&#8243; title_font=\u00bb|300|||||||\u00bb title_text_align=\u00bbcenter\u00bb title_font_size=\u00bb100px\u00bb content_text_align=\u00bbcenter\u00bb subhead_font=\u00bb|300|||||||\u00bb subhead_text_align=\u00bbcenter\u00bb subhead_font_size=\u00bb40px\u00bb subhead_line_height=\u00bb1.2em\u00bb background_image=\u00bbhttp:\/\/www.kkhotels.com\/wp-content\/uploads\/2018\/12\/KK-Hotels-George-Kensington-London.jpg\u00bb custom_button_one=\u00bbon\u00bb button_one_border_width=\u00bb1px\u00bb button_one_border_radius=\u00bb1px\u00bb button_one_font=\u00bb||on||||||\u00bb button_one_use_icon=\u00bboff\u00bb button_one_bg_color__hover_enabled=\u00bbon\u00bb button_one_bg_color__hover=\u00bb#706F6F\u00bb button_one_border_color__hover_enabled=\u00bbon\u00bb button_one_border_color__hover=\u00bb#706F6F\u00bb][\/et_pb_fullwidth_header][\/et_pb_section][et_pb_section fb_built=\u00bb1&#8243; _builder_version=\u00bb3.22.3&#8243;][et_pb_row _builder_version=\u00bb3.25&#8243; background_size=\u00bbinitial\u00bb background_position=\u00bbtop_left\u00bb background_repeat=\u00bbrepeat\u00bb][et_pb_column type=\u00bb4_4&#8243; _builder_version=\u00bb3.25&#8243; custom_padding=\u00bb|||\u00bb custom_padding__hover=\u00bb|||\u00bb][et_pb_text _builder_version=\u00bb4.8.1&#8243; _module_preset=\u00bbdefault\u00bb custom_margin=\u00bb||||false|false\u00bb]<\/p>\n<p><strong>Pol\u00edtica de cancelaci\u00f3n<\/strong><\/p>\n<p><span class=\"JLqJ4b ChMk0b\" style=\"font-size: 16px;\" data-language-for-alternatives=\"es\" data-language-to-translate-into=\"en\" data-phrase-index=\"0\">En caso de que necesite cancelar o cambiar su reserva se aplica la pol\u00edtica de cancelaci\u00f3n de la tarifa reservada (ver su confirmaci\u00f3n).<\/span> <span class=\"JLqJ4b ChMk0b\" style=\"font-size: 16px;\" data-language-for-alternatives=\"es\" data-language-to-translate-into=\"en\" data-phrase-index=\"1\">Puede encontrar t\u00e9rminos por tarifa a continuaci\u00f3n.<\/span> <span class=\"JLqJ4b ChMk0b\" style=\"font-size: 16px;\" data-language-for-alternatives=\"es\" data-language-to-translate-into=\"en\" data-phrase-index=\"2\">No dudes en <a href=\"http:\/\/www.kkhotels.com\/es\/contacto\/\">contactar<\/a> con nosotros, estaremos encantados de ayudarte en tu solicitud.<\/span><\/p>\n<p>[\/et_pb_text][et_pb_toggle title=\u00bbTarifa flexible &#8211; 2 pm (Flexible rate)\u00bb admin_label=\u00bbFlexible Rate &#8211; 2 pm\u00bb _builder_version=\u00bb4.7.7&#8243;]<\/p>\n<p><span>\u00daltima actualizaci\u00f3n 08 de enero de 2021<\/span><\/p>\n<h2>T\u00e9rminos de pago<\/h2>\n<p>Su reserva puede cancelarse sin cargo hasta las 2 pm (hora local del hotel) del d\u00eda de llegada. En caso de cancelaci\u00f3n despu\u00e9s del l\u00edmite de tiempo o de no llegada, se cobrar\u00e1 la 1\u00aa noche de estancia como tarifa de cancelaci\u00f3n. Su reserva debe estar garantizada con tarjeta de cr\u00e9dito.<\/p>\n<h2>Contacto<\/h2>\n<p>Por favor no dude en <a href=\"http:\/\/www.kkhotels.com\/es\/contacto\/\">contactar<\/a> con nosotros. Estaremos encantados de atenderle con cualquier consulta. Puede encontrar los t\u00e9rminos y condiciones generales en <a href=\"http:\/\/www.kkhotels.com\/terms-conditions\/\">T\u00e9rminos y condiciones &#8211; K + K Hotels<\/a>.<\/p>\n<p>[\/et_pb_toggle][et_pb_toggle title=\u00bbPaquetes &#8211; 2 pm (Packages)\u00bb admin_label=\u00bbSame Day Cancellation &#8211; 4 pm\u00bb _builder_version=\u00bb4.8.1&#8243;]<\/p>\n<p><span>\u00daltima actualizaci\u00f3n 08 de enero de 2021<\/span><\/p>\n<h2>T\u00e9rminos de pago<\/h2>\n<p>Su reserva puede cancelarse sin cargo hasta las 2 pm (hora local del hotel) del d\u00eda de llegada. En caso de cancelaci\u00f3n despu\u00e9s del l\u00edmite de tiempo o de no llegada, se cobrar\u00e1 la 1\u00aa noche de estancia como tarifa de cancelaci\u00f3n. Su reserva debe estar garantizada con tarjeta de cr\u00e9dito.<\/p>\n<h2>Contacto<\/h2>\n<p>Por favor no dude en <a href=\"http:\/\/www.kkhotels.com\/es\/contacto\/\">contactar<\/a> con nosotros. Estaremos encantados de atenderle con cualquier consulta. Puede encontrar los t\u00e9rminos y condiciones generales en <a href=\"http:\/\/www.kkhotels.com\/terms-conditions\/\">T\u00e9rminos y condiciones &#8211; K + K Hotels<\/a>.<\/p>\n<p>[\/et_pb_toggle][et_pb_toggle title=\u00bbTarifa est\u00e1ndar &#8211; pol\u00edtica de 24 horas (Standard rate)\u00bb admin_label=\u00bbStandard Rate &#8211; 24 hour policy\u00bb _builder_version=\u00bb4.7.7&#8243;]<\/p>\n<p><span>\u00daltima actualizaci\u00f3n 08 de enero de 2021<\/span><\/p>\n<h2>T\u00e9rminos de pago<\/h2>\n<p>Su reserva puede cancelarse sin cargo hasta las 4 pm (hora local del hotel) del d\u00eda anterior a la llegada. En caso de cancelaci\u00f3n despu\u00e9s del l\u00edmite de tiempo o de no llegada, se cobrar\u00e1 la 1\u00aa noche de estancia como tarifa de cancelaci\u00f3n. Su reserva debe estar garantizada con tarjeta de cr\u00e9dito.<\/p>\n<h2>Contacto<\/h2>\n<p>Por favor no dude en <a href=\"http:\/\/www.kkhotels.com\/es\/contacto\/\">contactar<\/a> con nosotros. Estaremos encantados de atenderle con cualquier consulta. Puede encontrar los t\u00e9rminos y condiciones generales en <a href=\"http:\/\/www.kkhotels.com\/terms-conditions\/\">T\u00e9rminos y condiciones &#8211; K + K Hotels<\/a>.<\/p>\n<p>[\/et_pb_toggle][et_pb_toggle title=\u00bbTarifa No Reembolsable (Non-refunable rate)\u00bb admin_label=\u00bbNon-refunable Rate\u00bb _builder_version=\u00bb4.9.2&#8243; hover_enabled=\u00bb0&#8243; sticky_enabled=\u00bb0&#8243;]<\/p>\n<p>\u00daltima actualizaci\u00f3n 08 de enero de 2021<\/p>\n<h2>T\u00e9rminos de pago<\/h2>\n<p>La reserva no se puede modificar, transferir ni cancelar. Se requiere el pago por adelantado total de toda la estancia en el momento de la reserva y no es reembolsable. El hu\u00e9sped acepta que se le cobre por adelantado el monto total de la reserva.<\/p>\n<p>Al hacer el registro de entrada, los hu\u00e9spedes deben presentar la tarjeta de cr\u00e9dito utilizada para hacer la reserva, junto con la identificaci\u00f3n con fotograf\u00eda del titular de la tarjeta. Si el cliente no puede mostrar estos documentos al registrarse, tendremos que realizar otro pago inmediatamente.<\/p>\n<p><span style=\"font-family: worksans-regular, Georgia, 'Times New Roman', serif; font-size: 36px;\">Contacto<br \/><\/span>Por favor no dude en <a href=\"http:\/\/www.kkhotels.com\/es\/contacto\/\">contactar<\/a> con nosotros. Estaremos encantados de atenderle con cualquier consulta. Puede encontrar los t\u00e9rminos y condiciones generales en <a href=\"http:\/\/www.kkhotels.com\/terms-conditions\/\">T\u00e9rminos y condiciones &#8211; K + K Hotels<\/a>.<\/p>\n<p>[\/et_pb_toggle][\/et_pb_column][\/et_pb_row][\/et_pb_section]<\/p>\n","protected":false},"excerpt":{"rendered":"<p>Pol\u00edtica de cancelaci\u00f3n En caso de que necesite cancelar o cambiar su reserva se aplica la pol\u00edtica de cancelaci\u00f3n de la tarifa reservada (ver su confirmaci\u00f3n). Puede encontrar t\u00e9rminos por tarifa a continuaci\u00f3n. No dudes en contactar con nosotros, estaremos encantados de ayudarte en tu solicitud.\u00daltima actualizaci\u00f3n 08 de enero de 2021 T\u00e9rminos de pago [&hellip;]<\/p>\n","protected":false},"author":37,"featured_media":0,"parent":0,"menu_order":0,"comment_status":"closed","ping_status":"closed","template":"","meta":{"_et_pb_use_builder":"on","_et_pb_old_content":"<p>[et_pb_section fb_built=\"1\" fullwidth=\"on\" _builder_version=\"3.22.3\"][et_pb_fullwidth_header title=\"Cancellation Policies\" subhead=\"K+K Hotels\" text_orientation=\"center\" header_fullscreen=\"on\" header_scroll_down=\"on\" scroll_down_icon=\"%%6%%\" scroll_down_icon_size=\"30px\" button_one_url=\"#\" background_overlay_color=\"rgba(0,0,0,0.3)\" _builder_version=\"4.3.2\" title_font=\"|300|||||||\" title_text_align=\"center\" title_font_size=\"100px\" content_text_align=\"center\" subhead_font=\"|300|||||||\" subhead_text_align=\"center\" subhead_font_size=\"40px\" subhead_line_height=\"1.2em\" background_image=\"http:\/\/www.kkhotels.com\/wp-content\/uploads\/2018\/12\/KK-Hotels-George-Kensington-London.jpg\" custom_button_one=\"on\" button_one_border_width=\"1px\" button_one_border_radius=\"1px\" button_one_font=\"||on||||||\" button_one_use_icon=\"off\" button_one_bg_color__hover_enabled=\"on\" button_one_bg_color__hover=\"#706F6F\" button_one_border_color__hover_enabled=\"on\" button_one_border_color__hover=\"#706F6F\"][\/et_pb_fullwidth_header][\/et_pb_section][et_pb_section fb_built=\"1\" _builder_version=\"3.22.3\"][et_pb_row _builder_version=\"3.25\" background_size=\"initial\" background_position=\"top_left\" background_repeat=\"repeat\"][et_pb_column type=\"4_4\" _builder_version=\"3.25\" custom_padding=\"|||\" custom_padding__hover=\"|||\"][et_pb_text _builder_version=\"4.7.7\" _module_preset=\"default\" custom_margin=\"||||false|false\"]<strong>Cancellation Policy<\/strong><\/p><p><span style=\"font-size: 16px;\">In case you need to cancel or change your reservation the cancellation policy of the booked rate applies (see your confirmation). You can find terms per rate below. Do not hesitate to <a href=\"http:\/\/www.kkhotels.com\/contact\/\">contact<\/a> us, we will be happy to assist you in your application.\u00a0<\/span><br \/>[\/et_pb_text][et_pb_toggle title=\"Flexible rate - 2 pm\" admin_label=\"Flexible Rate - 2 pm\" _builder_version=\"4.7.7\"]Last updated January 08, 2021<\/p><h2>Payment Terms<\/h2><p>Your reservation can be cancelled free of charge up until 2 pm (local hotel time) on the day of arrival. In the case of cancellation after the time limit or of non-arrival, the 1st night stay will be charged as a cancellation fee. Your reservation must be guaranteed with credit card.<\/p><h2>Contact<\/h2><p>Please do not hesitate to <a href=\"http:\/\/www.kkhotels.com\/contact\/\">contact<\/a> us.\u00a0We will be happy to assist you with any inquiry. You can find the general terms and conditions at <a href=\"http:\/\/www.kkhotels.com\/terms-conditions\/\">Terms and Conditions - K+K Hotels.<\/a><br \/>[\/et_pb_toggle][et_pb_toggle title=\"Packages - 2 pm\" admin_label=\"Same Day Cancellation - 4 pm\" _builder_version=\"4.7.7\"]Last updated January 08, 2021<\/p><h2>Payment Terms<\/h2><p>Your reservation can be cancelled free of charge up until 2 pm (local hotel time) on the day of arrival. In the case of cancellation after the time limit or of non-arrival, the 1st night stay will be charged as a cancellation fee. Your reservation must be guaranteed with credit card.<\/p><h2>Contact<\/h2><p>Please do not hesitate to <a href=\"http:\/\/www.kkhotels.com\/contact\/\">contact<\/a> us.\u00a0We will be happy to assist you with any inquiry. You can find the general terms and conditions at <a href=\"http:\/\/www.kkhotels.com\/terms-conditions\/\">Terms and Conditions - K+K Hotels.<\/a><br \/>[\/et_pb_toggle][et_pb_toggle title=\"Standard rate - 24 hour policy\" admin_label=\"Standard Rate - 24 hour policy\" _builder_version=\"4.7.7\"]Last updated January 08, 2021<\/p><h2>Payment Terms<\/h2><p>Your reservation can be cancelled free of charge up until 4 pm (local hotel time) on the day prior to arrival. In the case of cancellation after the time limit or of non-arrival, the 1st night stay will be charged as a cancellation fee. Your reservation must be guaranteed with credit card.<\/p><h2>Contact<\/h2><p>Please do not hesitate to <a href=\"http:\/\/www.kkhotels.com\/contact\/\">contact<\/a> us.\u00a0We will be happy to assist you with any inquiry. You can find the general terms and conditions at <a href=\"http:\/\/www.kkhotels.com\/terms-conditions\/\">Terms and Conditions - K+K Hotels.<\/a><br \/>[\/et_pb_toggle][et_pb_toggle title=\"Non-refundable rate\" admin_label=\"Non-refunable Rate\" _builder_version=\"4.7.7\"]<\/p><p>Last updated January 08, 2021<\/p><h2>Payment Terms<\/h2><p><span style=\"font-size: 16px;\">The reservation cannot be amended, transferred or cancelled. Full prepayment for the entire stay is required at the time of booking and is non-refundable. The guest accepts to be charged in advance the total amount of the reservation.<\/span><\/p><p class=\"x_MsoNormal\">Guests are required upon check-in to present the credit card used to make the reservation, along with the cardholder\u2019s photo ID. If the customer is not able to show these documents when checking in, we will need to take another payment immediately.<\/p><p><span style=\"font-family: worksans-regular, Georgia, 'Times New Roman', serif; font-size: 36px;\">Contact<br \/><\/span><span style=\"font-size: 16px;\">Please do not hesitate to <\/span><a style=\"font-size: 16px;\" href=\"http:\/\/www.kkhotels.com\/contact\/\">contact<\/a><span style=\"font-size: 16px;\"> us.\u00a0<\/span><span style=\"font-size: 16px;\">We will be happy to assist you with any inquiry. You can find the general terms and conditions at<\/span> <a style=\"font-size: 16px;\" href=\"http:\/\/www.kkhotels.com\/terms-conditions\/\">Terms and Conditions - K+K Hotels.<\/a><\/p><p>[\/et_pb_toggle][\/et_pb_column][\/et_pb_row][\/et_pb_section]<\/p>","_et_gb_content_width":"","footnotes":""},"yoast_head":"<!-- This site is optimized with the Yoast SEO plugin v21.4 - https:\/\/yoast.com\/wordpress\/plugins\/seo\/ -->\n<title>Pol\u00edticas de cancelaci\u00f3n | K+K Hotels<\/title>\n<meta name=\"description\" content=\"En caso de que necesite cancelar o cambiar su reserva se aplica la pol\u00edtica de cancelaci\u00f3n de la tarifa reservada.\" \/>\n<meta name=\"robots\" content=\"index, follow, max-snippet:-1, max-image-preview:large, max-video-preview:-1\" \/>\n<link rel=\"canonical\" href=\"https:\/\/www.kkhotels.com\/es\/politicas-de-cancelacion\/\" \/>\n<meta property=\"og:locale\" content=\"es_ES\" \/>\n<meta property=\"og:type\" content=\"article\" \/>\n<meta property=\"og:title\" content=\"Pol\u00edticas de cancelaci\u00f3n | K+K Hotels\" \/>\n<meta property=\"og:description\" content=\"En caso de que necesite cancelar o cambiar su reserva se aplica la pol\u00edtica de cancelaci\u00f3n de la tarifa reservada.\" \/>\n<meta property=\"og:url\" content=\"https:\/\/www.kkhotels.com\/es\/politicas-de-cancelacion\/\" \/>\n<meta property=\"og:site_name\" content=\"K+K Hotels - Erstklassige Hotels in ganz Europa\" \/>\n<meta property=\"article:modified_time\" content=\"2021-03-19T11:13:41+00:00\" \/>\n<meta name=\"twitter:card\" content=\"summary_large_image\" \/>\n<meta name=\"twitter:label1\" content=\"Tiempo de lectura\" \/>\n\t<meta name=\"twitter:data1\" content=\"3 minutos\" \/>\n<script type=\"application\/ld+json\" class=\"yoast-schema-graph\">{\"@context\":\"https:\/\/schema.org\",\"@graph\":[{\"@type\":\"WebPage\",\"@id\":\"https:\/\/www.kkhotels.com\/es\/politicas-de-cancelacion\/\",\"url\":\"https:\/\/www.kkhotels.com\/es\/politicas-de-cancelacion\/\",\"name\":\"Pol\u00edticas de cancelaci\u00f3n | K+K Hotels\",\"isPartOf\":{\"@id\":\"https:\/\/www.kkhotels.com\/es\/#website\"},\"datePublished\":\"2021-01-24T13:58:00+00:00\",\"dateModified\":\"2021-03-19T11:13:41+00:00\",\"description\":\"En caso de que necesite cancelar o cambiar su reserva se aplica la pol\u00edtica de cancelaci\u00f3n de la tarifa reservada.\",\"breadcrumb\":{\"@id\":\"https:\/\/www.kkhotels.com\/es\/politicas-de-cancelacion\/#breadcrumb\"},\"inLanguage\":\"es\",\"potentialAction\":[{\"@type\":\"ReadAction\",\"target\":[\"https:\/\/www.kkhotels.com\/es\/politicas-de-cancelacion\/\"]}]},{\"@type\":\"BreadcrumbList\",\"@id\":\"https:\/\/www.kkhotels.com\/es\/politicas-de-cancelacion\/#breadcrumb\",\"itemListElement\":[{\"@type\":\"ListItem\",\"position\":1,\"name\":\"Home\",\"item\":\"https:\/\/www.kkhotels.com\/es\/\"},{\"@type\":\"ListItem\",\"position\":2,\"name\":\"Pol\u00edticas de cancelaci\u00f3n\"}]},{\"@type\":\"WebSite\",\"@id\":\"https:\/\/www.kkhotels.com\/es\/#website\",\"url\":\"https:\/\/www.kkhotels.com\/es\/\",\"name\":\"K+K Hotels - Erstklassige Hotels in ganz Europa\",\"description\":\"Genie\u00dfen Sie exklusiven Komfort mit den K+K Hotels in den TOP Destinationen Europas!\",\"publisher\":{\"@id\":\"https:\/\/www.kkhotels.com\/es\/#organization\"},\"potentialAction\":[{\"@type\":\"SearchAction\",\"target\":{\"@type\":\"EntryPoint\",\"urlTemplate\":\"https:\/\/www.kkhotels.com\/es\/?s={search_term_string}\"},\"query-input\":\"required name=search_term_string\"}],\"inLanguage\":\"es\"},{\"@type\":\"Organization\",\"@id\":\"https:\/\/www.kkhotels.com\/es\/#organization\",\"name\":\"K+K Hotels - Erstklassige Hotels in ganz Europa\",\"url\":\"https:\/\/www.kkhotels.com\/es\/\",\"logo\":{\"@type\":\"ImageObject\",\"inLanguage\":\"es\",\"@id\":\"https:\/\/www.kkhotels.com\/es\/#\/schema\/logo\/image\/\",\"url\":\"https:\/\/www.kkhotels.com\/wp-content\/uploads\/2022\/02\/KK_512.png\",\"contentUrl\":\"https:\/\/www.kkhotels.com\/wp-content\/uploads\/2022\/02\/KK_512.png\",\"width\":512,\"height\":512,\"caption\":\"K+K Hotels - Erstklassige Hotels in ganz Europa\"},\"image\":{\"@id\":\"https:\/\/www.kkhotels.com\/es\/#\/schema\/logo\/image\/\"}}]}<\/script>\n<!-- \/ Yoast SEO plugin. -->","yoast_head_json":{"title":"Pol\u00edticas de cancelaci\u00f3n | K+K Hotels","description":"En caso de que necesite cancelar o cambiar su reserva se aplica la pol\u00edtica de cancelaci\u00f3n de la tarifa reservada.","robots":{"index":"index","follow":"follow","max-snippet":"max-snippet:-1","max-image-preview":"max-image-preview:large","max-video-preview":"max-video-preview:-1"},"canonical":"https:\/\/www.kkhotels.com\/es\/politicas-de-cancelacion\/","og_locale":"es_ES","og_type":"article","og_title":"Pol\u00edticas de cancelaci\u00f3n | K+K Hotels","og_description":"En caso de que necesite cancelar o cambiar su reserva se aplica la pol\u00edtica de cancelaci\u00f3n de la tarifa reservada.","og_url":"https:\/\/www.kkhotels.com\/es\/politicas-de-cancelacion\/","og_site_name":"K+K Hotels - Erstklassige Hotels in ganz Europa","article_modified_time":"2021-03-19T11:13:41+00:00","twitter_card":"summary_large_image","twitter_misc":{"Tiempo de lectura":"3 minutos"},"schema":{"@context":"https:\/\/schema.org","@graph":[{"@type":"WebPage","@id":"https:\/\/www.kkhotels.com\/es\/politicas-de-cancelacion\/","url":"https:\/\/www.kkhotels.com\/es\/politicas-de-cancelacion\/","name":"Pol\u00edticas de cancelaci\u00f3n | K+K Hotels","isPartOf":{"@id":"https:\/\/www.kkhotels.com\/es\/#website"},"datePublished":"2021-01-24T13:58:00+00:00","dateModified":"2021-03-19T11:13:41+00:00","description":"En caso de que necesite cancelar o cambiar su reserva se aplica la pol\u00edtica de cancelaci\u00f3n de la tarifa reservada.","breadcrumb":{"@id":"https:\/\/www.kkhotels.com\/es\/politicas-de-cancelacion\/#breadcrumb"},"inLanguage":"es","potentialAction":[{"@type":"ReadAction","target":["https:\/\/www.kkhotels.com\/es\/politicas-de-cancelacion\/"]}]},{"@type":"BreadcrumbList","@id":"https:\/\/www.kkhotels.com\/es\/politicas-de-cancelacion\/#breadcrumb","itemListElement":[{"@type":"ListItem","position":1,"name":"Home","item":"https:\/\/www.kkhotels.com\/es\/"},{"@type":"ListItem","position":2,"name":"Pol\u00edticas de cancelaci\u00f3n"}]},{"@type":"WebSite","@id":"https:\/\/www.kkhotels.com\/es\/#website","url":"https:\/\/www.kkhotels.com\/es\/","name":"K+K Hotels - Erstklassige Hotels in ganz Europa","description":"Genie\u00dfen Sie exklusiven Komfort mit den K+K Hotels in den TOP Destinationen Europas!","publisher":{"@id":"https:\/\/www.kkhotels.com\/es\/#organization"},"potentialAction":[{"@type":"SearchAction","target":{"@type":"EntryPoint","urlTemplate":"https:\/\/www.kkhotels.com\/es\/?s={search_term_string}"},"query-input":"required name=search_term_string"}],"inLanguage":"es"},{"@type":"Organization","@id":"https:\/\/www.kkhotels.com\/es\/#organization","name":"K+K Hotels - Erstklassige Hotels in ganz Europa","url":"https:\/\/www.kkhotels.com\/es\/","logo":{"@type":"ImageObject","inLanguage":"es","@id":"https:\/\/www.kkhotels.com\/es\/#\/schema\/logo\/image\/","url":"https:\/\/www.kkhotels.com\/wp-content\/uploads\/2022\/02\/KK_512.png","contentUrl":"https:\/\/www.kkhotels.com\/wp-content\/uploads\/2022\/02\/KK_512.png","width":512,"height":512,"caption":"K+K Hotels - Erstklassige Hotels in ganz Europa"},"image":{"@id":"https:\/\/www.kkhotels.com\/es\/#\/schema\/logo\/image\/"}}]}},"_links":{"self":[{"href":"https:\/\/www.kkhotels.com\/es\/wp-json\/wp\/v2\/pages\/228002"}],"collection":[{"href":"https:\/\/www.kkhotels.com\/es\/wp-json\/wp\/v2\/pages"}],"about":[{"href":"https:\/\/www.kkhotels.com\/es\/wp-json\/wp\/v2\/types\/page"}],"author":[{"embeddable":true,"href":"https:\/\/www.kkhotels.com\/es\/wp-json\/wp\/v2\/users\/37"}],"replies":[{"embeddable":true,"href":"https:\/\/www.kkhotels.com\/es\/wp-json\/wp\/v2\/comments?post=228002"}],"version-history":[{"count":0,"href":"https:\/\/www.kkhotels.com\/es\/wp-json\/wp\/v2\/pages\/228002\/revisions"}],"wp:attachment":[{"href":"https:\/\/www.kkhotels.com\/es\/wp-json\/wp\/v2\/media?parent=228002"}],"curies":[{"name":"wp","href":"https:\/\/api.w.org\/{rel}","templated":true}]}}