{"id":227892,"date":"2021-01-20T16:00:08","date_gmt":"2021-01-20T15:00:08","guid":{"rendered":"https:\/\/www.kkhotels.com\/?page_id=227892"},"modified":"2021-01-22T15:00:54","modified_gmt":"2021-01-22T14:00:54","slug":"politiques-annulation","status":"publish","type":"page","link":"https:\/\/www.kkhotels.com\/fr\/politiques-annulation\/","title":{"rendered":"Politique d&rsquo;annulation"},"content":{"rendered":"<p>[et_pb_section fb_built=\u00a0\u00bb1&Prime; fullwidth=\u00a0\u00bbon\u00a0\u00bb _builder_version=\u00a0\u00bb3.22.3&Prime;][et_pb_fullwidth_header title=\u00a0\u00bbPolitique d&rsquo;annulation\u00a0\u00bb subhead=\u00a0\u00bbK+K Hotels\u00a0\u00bb text_orientation=\u00a0\u00bbcenter\u00a0\u00bb header_fullscreen=\u00a0\u00bbon\u00a0\u00bb header_scroll_down=\u00a0\u00bbon\u00a0\u00bb scroll_down_icon=\u00a0\u00bb%%6%%\u00a0\u00bb scroll_down_icon_size=\u00a0\u00bb30px\u00a0\u00bb button_one_url=\u00a0\u00bb#\u00a0\u00bb background_overlay_color=\u00a0\u00bbrgba(0,0,0,0.3)\u00a0\u00bb _builder_version=\u00a0\u00bb4.3.2&Prime; title_font=\u00a0\u00bb|300|||||||\u00a0\u00bb title_text_align=\u00a0\u00bbcenter\u00a0\u00bb title_font_size=\u00a0\u00bb100px\u00a0\u00bb content_text_align=\u00a0\u00bbcenter\u00a0\u00bb subhead_font=\u00a0\u00bb|300|||||||\u00a0\u00bb subhead_text_align=\u00a0\u00bbcenter\u00a0\u00bb subhead_font_size=\u00a0\u00bb40px\u00a0\u00bb subhead_line_height=\u00a0\u00bb1.2em\u00a0\u00bb background_image=\u00a0\u00bbhttp:\/\/www.kkhotels.com\/wp-content\/uploads\/2018\/12\/KK-Hotels-George-Kensington-London.jpg\u00a0\u00bb custom_button_one=\u00a0\u00bbon\u00a0\u00bb button_one_border_width=\u00a0\u00bb1px\u00a0\u00bb button_one_border_radius=\u00a0\u00bb1px\u00a0\u00bb button_one_font=\u00a0\u00bb||on||||||\u00a0\u00bb button_one_use_icon=\u00a0\u00bboff\u00a0\u00bb button_one_bg_color__hover_enabled=\u00a0\u00bbon\u00a0\u00bb button_one_bg_color__hover=\u00a0\u00bb#706F6F\u00a0\u00bb button_one_border_color__hover_enabled=\u00a0\u00bbon\u00a0\u00bb button_one_border_color__hover=\u00a0\u00bb#706F6F\u00a0\u00bb][\/et_pb_fullwidth_header][\/et_pb_section][et_pb_section fb_built=\u00a0\u00bb1&Prime; _builder_version=\u00a0\u00bb3.22.3&Prime;][et_pb_row _builder_version=\u00a0\u00bb3.25&Prime; background_size=\u00a0\u00bbinitial\u00a0\u00bb background_position=\u00a0\u00bbtop_left\u00a0\u00bb background_repeat=\u00a0\u00bbrepeat\u00a0\u00bb][et_pb_column type=\u00a0\u00bb4_4&Prime; _builder_version=\u00a0\u00bb3.25&Prime; custom_padding=\u00a0\u00bb|||\u00a0\u00bb custom_padding__hover=\u00a0\u00bb|||\u00a0\u00bb][et_pb_text _builder_version=\u00a0\u00bb4.7.7&Prime; _module_preset=\u00a0\u00bbdefault\u00a0\u00bb custom_margin=\u00a0\u00bb||||false|false\u00a0\u00bb]<\/p>\n<p><strong>Politique d&rsquo;annulation <\/strong><\/p>\n<p><span style=\"font-size: 16px;\">Au cas o\u00f9 vous auriez besoin d&rsquo;annuler ou de modifier votre r\u00e9servation, la politique d&rsquo;annulation du tarif r\u00e9serv\u00e9 s&rsquo;applique (voir votre confirmation). Vous trouverez ci-dessous les conditions selon le tarif r\u00e9serv\u00e9. N&rsquo;h\u00e9sitez pas \u00e0 nous <a href=\"http:\/\/www.kkhotels.com\/fr\/contacter\/\">contacter<\/a>, nous nous ferons un plaisir de vous accompagner dans votre demande. <\/span><\/p>\n<p>[\/et_pb_text][et_pb_toggle title=\u00a0\u00bbTarif flexible &#8211; 14h00 (Flexible rate)\u00a0\u00bb admin_label=\u00a0\u00bbStandard Rate &#8211; 24 hour policy\u00a0\u00bb _builder_version=\u00a0\u00bb4.7.7&Prime;]<\/p>\n<p>Derni\u00e8re mise \u00e0 jour le 08 janvier 2021<\/p>\n<h2>Modalit\u00e9s de paiement<\/h2>\n<p>Votre r\u00e9servation peut \u00eatre annul\u00e9e gratuitement jusqu&rsquo;\u00e0 14h00 (heure locale de l&rsquo;h\u00f4tel) le jour de l&rsquo;arriv\u00e9e. En cas d&rsquo;annulation apr\u00e8s la date limite ou de non-pr\u00e9sentation, la 1\u00e8re nuit du s\u00e9jour sera factur\u00e9e comme frais d&rsquo;annulation. Votre r\u00e9servation doit \u00eatre garantie par une carte de cr\u00e9dit.<\/p>\n<h2>Contact<\/h2>\n<p>N&rsquo;h\u00e9sitez pas \u00e0 nous <a href=\"http:\/\/www.kkhotels.com\/fr\/contacter\/\">contacter<\/a>. Nous serons heureux de vous aider pour toute demande. Vous trouverez les conditions g\u00e9n\u00e9rales de ventes dans <a href=\"http:\/\/www.kkhotels.com\/terms-conditions\/\">Termes et Conditions &#8211; K + K Hotels<\/a>.<\/p>\n<p>[\/et_pb_toggle][et_pb_toggle title=\u00a0\u00bbPackages &#8211; 14h00&Prime; admin_label=\u00a0\u00bbStandard Rate &#8211; 24 hour policy\u00a0\u00bb _builder_version=\u00a0\u00bb4.7.7&Prime;]<\/p>\n<p>Derni\u00e8re mise \u00e0 jour le 08 janvier 2021<\/p>\n<h2>Modalit\u00e9s de paiement<\/h2>\n<p>Votre r\u00e9servation peut \u00eatre annul\u00e9e gratuitement jusqu&rsquo;\u00e0 14h00 (heure locale de l&rsquo;h\u00f4tel) le jour de l&rsquo;arriv\u00e9e. En cas d&rsquo;annulation apr\u00e8s la date limite ou de non-pr\u00e9sentation, la 1\u00e8re nuit du s\u00e9jour sera factur\u00e9e comme frais d&rsquo;annulation. Votre r\u00e9servation doit \u00eatre garantie par une carte de cr\u00e9dit.<\/p>\n<h2>Contact<\/h2>\n<p>N&rsquo;h\u00e9sitez pas \u00e0 nous <a href=\"http:\/\/www.kkhotels.com\/fr\/contacter\/\">contacter<\/a>. Nous serons heureux de vous aider pour toute demande. Vous trouverez les conditions g\u00e9n\u00e9rales de ventes dans <a href=\"http:\/\/www.kkhotels.com\/terms-conditions\/\">Termes et Conditions &#8211; K + K Hotels<\/a>.<\/p>\n<p>[\/et_pb_toggle][et_pb_toggle title=\u00a0\u00bbTarif standard &#8211; politique 24 heures (Standard rate)\u00a0\u00bb admin_label=\u00a0\u00bbSame Day Cancellation &#8211; 4 pm\u00a0\u00bb _builder_version=\u00a0\u00bb4.8.1&Prime;]<\/p>\n<p>Derni\u00e8re mise \u00e0 jour le 08 janvier 2021<\/p>\n<h2>Modalit\u00e9s de paiement<\/h2>\n<p>Votre r\u00e9servation peut \u00eatre annul\u00e9e gratuitement jusqu&rsquo;\u00e0 16h00 (heure locale de l&rsquo;h\u00f4tel) la veille de votre arriv\u00e9e. En cas d&rsquo;annulation apr\u00e8s la date limite ou de non-pr\u00e9sentation, la 1\u00e8re nuit du s\u00e9jour sera factur\u00e9e comme frais d&rsquo;annulation. Votre r\u00e9servation doit \u00eatre garantie par une carte de cr\u00e9dit.<\/p>\n<h2>Contact<\/h2>\n<p>N&rsquo;h\u00e9sitez pas \u00e0 nous <a href=\"http:\/\/www.kkhotels.com\/fr\/contacter\/\">contacter<\/a>. Nous serons heureux de vous aider pour toute demande. Vous trouverez les conditions g\u00e9n\u00e9rales de ventes dans <a href=\"http:\/\/www.kkhotels.com\/terms-conditions\/\">Termes et Conditions &#8211; K + K Hotels<\/a>.<\/p>\n<p>[\/et_pb_toggle][et_pb_toggle title=\u00a0\u00bbTarif Non-Remboursable (Non-refundable rate)\u00a0\u00bb admin_label=\u00a0\u00bbNon-refunable Rate\u00a0\u00bb _builder_version=\u00a0\u00bb4.7.7&Prime;]<\/p>\n<p>Derni\u00e8re mise \u00e0 jour le 08 janvier 2021<\/p>\n<h2>Modalit\u00e9s de paiement<\/h2>\n<p>La r\u00e9servation ne peut pas \u00eatre modifi\u00e9e ou annul\u00e9e. Un pr\u00e9paiement complet pour la totalit\u00e9 du s\u00e9jour est exig\u00e9 au moment de la r\u00e9servation et n&rsquo;est pas remboursable. Le client accepte d&rsquo;\u00eatre factur\u00e9 \u00e0 l&rsquo;avance le montant total de la r\u00e9servation.\u00a0<\/p>\n<p>Lors de l&rsquo;enregistrement, vous devrez pr\u00e9senter la carte de cr\u00e9dit utilis\u00e9e pour effectuer la r\u00e9servation, ainsi que la pi\u00e8ce d&rsquo;identit\u00e9 avec photo du titulaire de la carte. Si le client n&rsquo;est pas en mesure de montrer ces documents lors de l&rsquo;enregistrement, nous devrons proc\u00e9der \u00e0 un autre r\u00e8glement imm\u00e9diat.<\/p>\n<h2>Contact<\/h2>\n<p>N&rsquo;h\u00e9sitez pas \u00e0 nous <a href=\"http:\/\/www.kkhotels.com\/fr\/contacter\/\">contacter<\/a>. Nous serons heureux de vous aider pour toute demande. Vous trouverez les conditions g\u00e9n\u00e9rales de ventes dans <a href=\"http:\/\/www.kkhotels.com\/terms-conditions\/\">Termes et Conditions &#8211; K + K Hotels<\/a>.<\/p>\n<p>[\/et_pb_toggle][\/et_pb_column][\/et_pb_row][\/et_pb_section]<\/p>\n","protected":false},"excerpt":{"rendered":"<p>Politique d&rsquo;annulation Au cas o\u00f9 vous auriez besoin d&rsquo;annuler ou de modifier votre r\u00e9servation, la politique d&rsquo;annulation du tarif r\u00e9serv\u00e9 s&rsquo;applique (voir votre confirmation). Vous trouverez ci-dessous les conditions selon le tarif r\u00e9serv\u00e9. N&rsquo;h\u00e9sitez pas \u00e0 nous contacter, nous nous ferons un plaisir de vous accompagner dans votre demande. Derni\u00e8re mise \u00e0 jour le 08 [&hellip;]<\/p>\n","protected":false},"author":37,"featured_media":0,"parent":0,"menu_order":0,"comment_status":"closed","ping_status":"closed","template":"","meta":{"_et_pb_use_builder":"on","_et_pb_old_content":"<p>[et_pb_section fb_built=\"1\" fullwidth=\"on\" _builder_version=\"3.22.3\"][et_pb_fullwidth_header title=\"Cancellation Policies\" subhead=\"K+K Hotels\" text_orientation=\"center\" header_fullscreen=\"on\" header_scroll_down=\"on\" scroll_down_icon=\"%%6%%\" scroll_down_icon_size=\"30px\" button_one_url=\"#\" background_overlay_color=\"rgba(0,0,0,0.3)\" _builder_version=\"4.3.2\" title_font=\"|300|||||||\" title_text_align=\"center\" title_font_size=\"100px\" content_text_align=\"center\" subhead_font=\"|300|||||||\" subhead_text_align=\"center\" subhead_font_size=\"40px\" subhead_line_height=\"1.2em\" background_image=\"http:\/\/www.kkhotels.com\/wp-content\/uploads\/2018\/12\/KK-Hotels-George-Kensington-London.jpg\" custom_button_one=\"on\" button_one_border_width=\"1px\" button_one_border_radius=\"1px\" button_one_font=\"||on||||||\" button_one_use_icon=\"off\" button_one_bg_color__hover_enabled=\"on\" button_one_bg_color__hover=\"#706F6F\" button_one_border_color__hover_enabled=\"on\" button_one_border_color__hover=\"#706F6F\"][\/et_pb_fullwidth_header][\/et_pb_section][et_pb_section fb_built=\"1\" _builder_version=\"3.22.3\"][et_pb_row _builder_version=\"3.25\" background_size=\"initial\" background_position=\"top_left\" background_repeat=\"repeat\"][et_pb_column type=\"4_4\" _builder_version=\"3.25\" custom_padding=\"|||\" custom_padding__hover=\"|||\"][et_pb_text _builder_version=\"4.7.7\" _module_preset=\"default\" custom_margin=\"||||false|false\" hover_enabled=\"0\" sticky_enabled=\"0\"]<\/p><p><strong>Cancellation Policy<\/strong><\/p><p><span style=\"font-size: 16px;\">In case you need to cancel or change your reservation the cancellation policy of the booked rate applies (see your confirmation). You can find terms per rate below. Do not hesitate to <a href=\"http:\/\/www.kkhotels.com\/contact\/\">contact<\/a> us, we will be happy to assist you in your application.\u00a0<\/span><\/p><p>[\/et_pb_text][et_pb_toggle title=\"Standard Rate - 24 hour policy\" admin_label=\"Standard Rate - 24 hour policy\" _builder_version=\"4.7.7\"]<\/p><p>Last updated January 08, 2021<\/p><h2>Payment Terms<\/h2><p>At a standard rate, guests are able to change or cancel the reservation.\u00a0The daily rates are per room per night, including service charge and taxes.\u00a0A credit card number is required to confirm the reservation.\u00a0The payment will be required at the outset.\u00a0In case of no show or a cancellation occurs on the day before the arrival after 4 pm (local hotel time), one night will be deducted from your credit card.<\/p><h2>Contact<\/h2><p>Do not hesitate to <a href=\"http:\/\/www.kkhotels.com\/contact\/\">contact<\/a> us, we will be happy to assist you in your application. You can find our the general terms and conditions at\u00a0<a href=\"http:\/\/www.kkhotels.com\/terms-conditions\/\">Terms and Conditions - K+K Hotels.<\/a><\/p><p>[\/et_pb_toggle][et_pb_toggle title=\"Flexible Rate - 2 pm\" admin_label=\"Flexible Rate - 2 pm\" _builder_version=\"4.7.7\"]<\/p><p>Last updated January 08, 2021<\/p><h2>Payment Terms<\/h2><p>Your reservation can be cancelled free of charge until 2 pm (local hotel time) on the day of arrival. In the case of cancellation after the time limit or of non arrival, the 1st night stay will be charged as cancellation fee.\u00a0<span style=\"font-size: 16px;\">Your reservation must be guaranteed with credit card.\u00a0<\/span>This will be used to guarantee your reservation and cover potential extras during your stay.<\/p><h2>Contact<\/h2><p>Do not hesitate to <a href=\"http:\/\/www.kkhotels.com\/contact\/\">contact<\/a> us, we will be happy to assist you in your application. You can find our the general terms and conditions at\u00a0<a href=\"http:\/\/www.kkhotels.com\/terms-conditions\/\">Terms and Conditions - K+K Hotels.<\/a><\/p><p>[\/et_pb_toggle][et_pb_toggle title=\"Same Day Cancellation - 4 pm\" admin_label=\"Same Day Cancellation - 4 pm\" _builder_version=\"4.7.7\"]<\/p><p>Last updated January 08, 2021<\/p><h2>Payment Terms<\/h2><p>Your reservation can be cancelled free of charge until 4 pm (local hotel time) on the day of arrival. In the case of cancellation after the time limit or of non arrival, the 1st night stay will be charged as cancellation fee.\u00a0<span style=\"font-size: 16px;\">Your reservation must be guaranteed with credit card.\u00a0<\/span>This will be used to guarantee your reservation and cover potential extras during your stay.<\/p><h2>Contact<\/h2><p>Do not hesitate to <a href=\"http:\/\/www.kkhotels.com\/contact\/\">contact<\/a> us, we will be happy to assist you in your application. You can find our the general terms and conditions at\u00a0<a href=\"http:\/\/www.kkhotels.com\/terms-conditions\/\">Terms and Conditions - K+K Hotels.<\/a><\/p><p>[\/et_pb_toggle][et_pb_toggle title=\"Non-refunable Rate\" admin_label=\"Non-refunable Rate\" _builder_version=\"4.7.7\"]<\/p><p>Last updated January 08, 2021<\/p><h2>Payment Terms<\/h2><p><span style=\"font-size: 16px;\">At a non-refundable rate, guests are not able to change or cancel the reservation free of charge.\u00a0<\/span><span style=\"font-size: 16px;\">The total amount of the reservation will be charged to the guests credit card upon confirming the booking. This offer cannot be canceled or changed without full penalty.\u00a0<\/span><span style=\"font-size: 16px;\">In case of no show, a penalty of the entire stay will be applied.\u00a0<\/span><\/p><p><span style=\"font-size: 16px;\">This type of reservation requires full prepayment for the entire stay at the time of the booking. This reservation is fully non-refundable and non-modifiable. The guest accepts to be charged in advance the total amount of the reservation. The prepayment is charged to the guests credit card between the date of reservation and the day of arrival and is not refundable. No refund can be made if the reservation is canceled or modified. In case of cancellation or amendment, no refund will be given.\u00a0<\/span><\/p><p>Guests are required upon check-in to present the credit card used to make the reservation, along with the cardholder's photo ID. If the customer is not able to show these documents when checking in, we will need to make another payment immediately. If present, the city tax per person per night must be paid directly to the hotel upon check-in.<\/p><h2>Contact<\/h2><p>Do not hesitate to <a href=\"http:\/\/www.kkhotels.com\/contact\/\">contact<\/a> us, we will be happy to assist you in your application. You can find our the general terms and conditions at\u00a0<a href=\"http:\/\/www.kkhotels.com\/terms-conditions\/\">Terms and Conditions - K+K Hotels.<\/a><\/p><p>[\/et_pb_toggle][\/et_pb_column][\/et_pb_row][\/et_pb_section]<\/p>","_et_gb_content_width":"","footnotes":""},"yoast_head":"<!-- This site is optimized with the Yoast SEO plugin v21.4 - https:\/\/yoast.com\/wordpress\/plugins\/seo\/ -->\n<title>Politique d&#039;annulation | K+K Hotels<\/title>\n<meta name=\"description\" content=\"Au cas o\u00f9 vous auriez besoin d\u2019annuler ou de modifier votre r\u00e9servation, la politique d\u2019annulation du tarif r\u00e9serv\u00e9 s\u2019applique.\" \/>\n<meta name=\"robots\" content=\"index, follow, max-snippet:-1, max-image-preview:large, max-video-preview:-1\" \/>\n<link rel=\"canonical\" href=\"https:\/\/www.kkhotels.com\/fr\/politiques-annulation\/\" \/>\n<meta property=\"og:locale\" content=\"fr_FR\" \/>\n<meta property=\"og:type\" content=\"article\" \/>\n<meta property=\"og:title\" content=\"Politique d&#039;annulation | K+K Hotels\" \/>\n<meta property=\"og:description\" content=\"Au cas o\u00f9 vous auriez besoin d\u2019annuler ou de modifier votre r\u00e9servation, la politique d\u2019annulation du tarif r\u00e9serv\u00e9 s\u2019applique.\" \/>\n<meta property=\"og:url\" content=\"https:\/\/www.kkhotels.com\/fr\/politiques-annulation\/\" \/>\n<meta property=\"og:site_name\" content=\"K+K Hotels - Erstklassige Hotels in ganz Europa\" \/>\n<meta property=\"article:modified_time\" content=\"2021-01-22T14:00:54+00:00\" \/>\n<meta name=\"twitter:card\" content=\"summary_large_image\" \/>\n<meta name=\"twitter:label1\" content=\"Dur\u00e9e de lecture estim\u00e9e\" \/>\n\t<meta name=\"twitter:data1\" content=\"4 minutes\" \/>\n<script type=\"application\/ld+json\" class=\"yoast-schema-graph\">{\"@context\":\"https:\/\/schema.org\",\"@graph\":[{\"@type\":\"WebPage\",\"@id\":\"https:\/\/www.kkhotels.com\/fr\/politiques-annulation\/\",\"url\":\"https:\/\/www.kkhotels.com\/fr\/politiques-annulation\/\",\"name\":\"Politique d'annulation | K+K Hotels\",\"isPartOf\":{\"@id\":\"https:\/\/www.kkhotels.com\/fr\/#website\"},\"datePublished\":\"2021-01-20T15:00:08+00:00\",\"dateModified\":\"2021-01-22T14:00:54+00:00\",\"description\":\"Au cas o\u00f9 vous auriez besoin d\u2019annuler ou de modifier votre r\u00e9servation, la politique d\u2019annulation du tarif r\u00e9serv\u00e9 s\u2019applique.\",\"breadcrumb\":{\"@id\":\"https:\/\/www.kkhotels.com\/fr\/politiques-annulation\/#breadcrumb\"},\"inLanguage\":\"fr-FR\",\"potentialAction\":[{\"@type\":\"ReadAction\",\"target\":[\"https:\/\/www.kkhotels.com\/fr\/politiques-annulation\/\"]}]},{\"@type\":\"BreadcrumbList\",\"@id\":\"https:\/\/www.kkhotels.com\/fr\/politiques-annulation\/#breadcrumb\",\"itemListElement\":[{\"@type\":\"ListItem\",\"position\":1,\"name\":\"Home\",\"item\":\"https:\/\/www.kkhotels.com\/fr\/\"},{\"@type\":\"ListItem\",\"position\":2,\"name\":\"Politique d&rsquo;annulation\"}]},{\"@type\":\"WebSite\",\"@id\":\"https:\/\/www.kkhotels.com\/fr\/#website\",\"url\":\"https:\/\/www.kkhotels.com\/fr\/\",\"name\":\"K+K Hotels - Erstklassige Hotels in ganz Europa\",\"description\":\"Genie\u00dfen Sie exklusiven Komfort mit den K+K Hotels in den TOP Destinationen Europas!\",\"publisher\":{\"@id\":\"https:\/\/www.kkhotels.com\/fr\/#organization\"},\"potentialAction\":[{\"@type\":\"SearchAction\",\"target\":{\"@type\":\"EntryPoint\",\"urlTemplate\":\"https:\/\/www.kkhotels.com\/fr\/?s={search_term_string}\"},\"query-input\":\"required name=search_term_string\"}],\"inLanguage\":\"fr-FR\"},{\"@type\":\"Organization\",\"@id\":\"https:\/\/www.kkhotels.com\/fr\/#organization\",\"name\":\"K+K Hotels - Erstklassige Hotels in ganz Europa\",\"url\":\"https:\/\/www.kkhotels.com\/fr\/\",\"logo\":{\"@type\":\"ImageObject\",\"inLanguage\":\"fr-FR\",\"@id\":\"https:\/\/www.kkhotels.com\/fr\/#\/schema\/logo\/image\/\",\"url\":\"https:\/\/www.kkhotels.com\/wp-content\/uploads\/2022\/02\/KK_512.png\",\"contentUrl\":\"https:\/\/www.kkhotels.com\/wp-content\/uploads\/2022\/02\/KK_512.png\",\"width\":512,\"height\":512,\"caption\":\"K+K Hotels - Erstklassige Hotels in ganz Europa\"},\"image\":{\"@id\":\"https:\/\/www.kkhotels.com\/fr\/#\/schema\/logo\/image\/\"}}]}<\/script>\n<!-- \/ Yoast SEO plugin. -->","yoast_head_json":{"title":"Politique d'annulation | K+K Hotels","description":"Au cas o\u00f9 vous auriez besoin d\u2019annuler ou de modifier votre r\u00e9servation, la politique d\u2019annulation du tarif r\u00e9serv\u00e9 s\u2019applique.","robots":{"index":"index","follow":"follow","max-snippet":"max-snippet:-1","max-image-preview":"max-image-preview:large","max-video-preview":"max-video-preview:-1"},"canonical":"https:\/\/www.kkhotels.com\/fr\/politiques-annulation\/","og_locale":"fr_FR","og_type":"article","og_title":"Politique d'annulation | K+K Hotels","og_description":"Au cas o\u00f9 vous auriez besoin d\u2019annuler ou de modifier votre r\u00e9servation, la politique d\u2019annulation du tarif r\u00e9serv\u00e9 s\u2019applique.","og_url":"https:\/\/www.kkhotels.com\/fr\/politiques-annulation\/","og_site_name":"K+K Hotels - Erstklassige Hotels in ganz Europa","article_modified_time":"2021-01-22T14:00:54+00:00","twitter_card":"summary_large_image","twitter_misc":{"Dur\u00e9e de lecture estim\u00e9e":"4 minutes"},"schema":{"@context":"https:\/\/schema.org","@graph":[{"@type":"WebPage","@id":"https:\/\/www.kkhotels.com\/fr\/politiques-annulation\/","url":"https:\/\/www.kkhotels.com\/fr\/politiques-annulation\/","name":"Politique d'annulation | K+K Hotels","isPartOf":{"@id":"https:\/\/www.kkhotels.com\/fr\/#website"},"datePublished":"2021-01-20T15:00:08+00:00","dateModified":"2021-01-22T14:00:54+00:00","description":"Au cas o\u00f9 vous auriez besoin d\u2019annuler ou de modifier votre r\u00e9servation, la politique d\u2019annulation du tarif r\u00e9serv\u00e9 s\u2019applique.","breadcrumb":{"@id":"https:\/\/www.kkhotels.com\/fr\/politiques-annulation\/#breadcrumb"},"inLanguage":"fr-FR","potentialAction":[{"@type":"ReadAction","target":["https:\/\/www.kkhotels.com\/fr\/politiques-annulation\/"]}]},{"@type":"BreadcrumbList","@id":"https:\/\/www.kkhotels.com\/fr\/politiques-annulation\/#breadcrumb","itemListElement":[{"@type":"ListItem","position":1,"name":"Home","item":"https:\/\/www.kkhotels.com\/fr\/"},{"@type":"ListItem","position":2,"name":"Politique d&rsquo;annulation"}]},{"@type":"WebSite","@id":"https:\/\/www.kkhotels.com\/fr\/#website","url":"https:\/\/www.kkhotels.com\/fr\/","name":"K+K Hotels - Erstklassige Hotels in ganz Europa","description":"Genie\u00dfen Sie exklusiven Komfort mit den K+K Hotels in den TOP Destinationen Europas!","publisher":{"@id":"https:\/\/www.kkhotels.com\/fr\/#organization"},"potentialAction":[{"@type":"SearchAction","target":{"@type":"EntryPoint","urlTemplate":"https:\/\/www.kkhotels.com\/fr\/?s={search_term_string}"},"query-input":"required name=search_term_string"}],"inLanguage":"fr-FR"},{"@type":"Organization","@id":"https:\/\/www.kkhotels.com\/fr\/#organization","name":"K+K Hotels - Erstklassige Hotels in ganz Europa","url":"https:\/\/www.kkhotels.com\/fr\/","logo":{"@type":"ImageObject","inLanguage":"fr-FR","@id":"https:\/\/www.kkhotels.com\/fr\/#\/schema\/logo\/image\/","url":"https:\/\/www.kkhotels.com\/wp-content\/uploads\/2022\/02\/KK_512.png","contentUrl":"https:\/\/www.kkhotels.com\/wp-content\/uploads\/2022\/02\/KK_512.png","width":512,"height":512,"caption":"K+K Hotels - Erstklassige Hotels in ganz Europa"},"image":{"@id":"https:\/\/www.kkhotels.com\/fr\/#\/schema\/logo\/image\/"}}]}},"_links":{"self":[{"href":"https:\/\/www.kkhotels.com\/fr\/wp-json\/wp\/v2\/pages\/227892"}],"collection":[{"href":"https:\/\/www.kkhotels.com\/fr\/wp-json\/wp\/v2\/pages"}],"about":[{"href":"https:\/\/www.kkhotels.com\/fr\/wp-json\/wp\/v2\/types\/page"}],"author":[{"embeddable":true,"href":"https:\/\/www.kkhotels.com\/fr\/wp-json\/wp\/v2\/users\/37"}],"replies":[{"embeddable":true,"href":"https:\/\/www.kkhotels.com\/fr\/wp-json\/wp\/v2\/comments?post=227892"}],"version-history":[{"count":0,"href":"https:\/\/www.kkhotels.com\/fr\/wp-json\/wp\/v2\/pages\/227892\/revisions"}],"wp:attachment":[{"href":"https:\/\/www.kkhotels.com\/fr\/wp-json\/wp\/v2\/media?parent=227892"}],"curies":[{"name":"wp","href":"https:\/\/api.w.org\/{rel}","templated":true}]}}